{"id":529,"date":"2018-12-23T10:50:54","date_gmt":"2018-12-23T09:50:54","guid":{"rendered":"https:\/\/champagne-francisbougy.com\/?post_type=product&#038;p=529"},"modified":"2025-01-08T13:56:25","modified_gmt":"2025-01-08T12:56:25","slug":"champagne-demi-brut","status":"publish","type":"product","link":"https:\/\/champagne-francisbougy.com\/?product=champagne-demi-brut","title":{"rendered":"Champagne Demi BRUT (37,5cl)"},"content":{"rendered":"<header class=\"entry-header\">Authentique, \u00e9l\u00e9gant et fruit\u00e9, Cette cuv\u00e9e allie les deux grands c\u00e9pages champenois, avec 50% Chardonnay et 50% Pinot Noir\/Meunier. Il offre un nez fruit\u00e9 qui pourra vous accompagner \u00e0 l&rsquo;ap\u00e9ritif comme au repas.<\/header>\n<header><\/header>\n<div class=\"entry-content\">\n<div id=\"id2\">\n<p>&nbsp;<\/p>\n<p>&nbsp;<\/p>\n<\/div>\n<\/div>\n","protected":false},"excerpt":{"rendered":"<p>Authentique, \u00e9l\u00e9gant et fruit\u00e9, Cette cuv\u00e9e allie les deux grands c\u00e9pages champenois, avec 50% Chardonnay et 50% Pinot Noir\/Meunier. Il offre un nez fruit\u00e9 qui pourra vous accompagner \u00e0 l&rsquo;ap\u00e9ritif comme au repas. &nbsp; &nbsp;<\/p>\n","protected":false},"featured_media":542,"comment_status":"closed","ping_status":"closed","template":"","meta":[],"product_brand":[],"product_cat":[22],"product_tag":[],"class_list":{"0":"post-529","1":"product","2":"type-product","3":"status-publish","4":"has-post-thumbnail","6":"product_cat-cuvee","8":"first","9":"instock","10":"taxable","11":"shipping-taxable","12":"purchasable","13":"product-type-simple"},"jetpack_sharing_enabled":true,"_links":{"self":[{"href":"https:\/\/champagne-francisbougy.com\/index.php?rest_route=\/wp\/v2\/product\/529","targetHints":{"allow":["GET"]}}],"collection":[{"href":"https:\/\/champagne-francisbougy.com\/index.php?rest_route=\/wp\/v2\/product"}],"about":[{"href":"https:\/\/champagne-francisbougy.com\/index.php?rest_route=\/wp\/v2\/types\/product"}],"replies":[{"embeddable":true,"href":"https:\/\/champagne-francisbougy.com\/index.php?rest_route=%2Fwp%2Fv2%2Fcomments&post=529"}],"wp:featuredmedia":[{"embeddable":true,"href":"https:\/\/champagne-francisbougy.com\/index.php?rest_route=\/wp\/v2\/media\/542"}],"wp:attachment":[{"href":"https:\/\/champagne-francisbougy.com\/index.php?rest_route=%2Fwp%2Fv2%2Fmedia&parent=529"}],"wp:term":[{"taxonomy":"product_brand","embeddable":true,"href":"https:\/\/champagne-francisbougy.com\/index.php?rest_route=%2Fwp%2Fv2%2Fproduct_brand&post=529"},{"taxonomy":"product_cat","embeddable":true,"href":"https:\/\/champagne-francisbougy.com\/index.php?rest_route=%2Fwp%2Fv2%2Fproduct_cat&post=529"},{"taxonomy":"product_tag","embeddable":true,"href":"https:\/\/champagne-francisbougy.com\/index.php?rest_route=%2Fwp%2Fv2%2Fproduct_tag&post=529"}],"curies":[{"name":"wp","href":"https:\/\/api.w.org\/{rel}","templated":true}]}}