{"id":388,"date":"2020-12-06T16:19:04","date_gmt":"2020-12-06T15:19:04","guid":{"rendered":"http:\/\/champagne-francisbougy.com\/?post_type=product&#038;p=388"},"modified":"2025-04-21T11:06:34","modified_gmt":"2025-04-21T10:06:34","slug":"champagne-mesnil-grand-cru-2006","status":"publish","type":"product","link":"https:\/\/champagne-francisbougy.com\/?product=champagne-mesnil-grand-cru-2006","title":{"rendered":"CHAMPAGNE MESNIL GRAND CRU 2010"},"content":{"rendered":"<p><em>Cuv\u00e9e Mill\u00e9sim\u00e9 2010 pour les grandes occasions avec une composition premium : 100% Chardonnay en provenance du vignoble de Mesnil sur Oger. (C\u00f4te des blancs).<\/em><\/p>\n<p>Cette cuv\u00e9e est id\u00e9ale pour accompagner vos <em>ap\u00e9ritifs.<\/em><\/p>\n","protected":false},"excerpt":{"rendered":"<p>Cuv\u00e9e Mill\u00e9sim\u00e9 2010 pour les grandes occasions avec une composition premium : 100% Chardonnay en provenance du vignoble de Mesnil sur Oger. (C\u00f4te des blancs). Cette cuv\u00e9e est id\u00e9ale pour accompagner vos ap\u00e9ritifs.<\/p>\n","protected":false},"featured_media":534,"comment_status":"closed","ping_status":"closed","template":"","meta":[],"product_brand":[],"product_cat":[22],"product_tag":[],"class_list":{"0":"post-388","1":"product","2":"type-product","3":"status-publish","4":"has-post-thumbnail","6":"product_cat-cuvee","8":"first","9":"instock","10":"taxable","11":"shipping-taxable","12":"purchasable","13":"product-type-simple"},"jetpack_sharing_enabled":true,"_links":{"self":[{"href":"https:\/\/champagne-francisbougy.com\/index.php?rest_route=\/wp\/v2\/product\/388","targetHints":{"allow":["GET"]}}],"collection":[{"href":"https:\/\/champagne-francisbougy.com\/index.php?rest_route=\/wp\/v2\/product"}],"about":[{"href":"https:\/\/champagne-francisbougy.com\/index.php?rest_route=\/wp\/v2\/types\/product"}],"replies":[{"embeddable":true,"href":"https:\/\/champagne-francisbougy.com\/index.php?rest_route=%2Fwp%2Fv2%2Fcomments&post=388"}],"wp:featuredmedia":[{"embeddable":true,"href":"https:\/\/champagne-francisbougy.com\/index.php?rest_route=\/wp\/v2\/media\/534"}],"wp:attachment":[{"href":"https:\/\/champagne-francisbougy.com\/index.php?rest_route=%2Fwp%2Fv2%2Fmedia&parent=388"}],"wp:term":[{"taxonomy":"product_brand","embeddable":true,"href":"https:\/\/champagne-francisbougy.com\/index.php?rest_route=%2Fwp%2Fv2%2Fproduct_brand&post=388"},{"taxonomy":"product_cat","embeddable":true,"href":"https:\/\/champagne-francisbougy.com\/index.php?rest_route=%2Fwp%2Fv2%2Fproduct_cat&post=388"},{"taxonomy":"product_tag","embeddable":true,"href":"https:\/\/champagne-francisbougy.com\/index.php?rest_route=%2Fwp%2Fv2%2Fproduct_tag&post=388"}],"curies":[{"name":"wp","href":"https:\/\/api.w.org\/{rel}","templated":true}]}}