{"id":381,"date":"2020-12-02T16:08:13","date_gmt":"2020-12-02T15:08:13","guid":{"rendered":"http:\/\/champagne-francisbougy.com\/?post_type=product&#038;p=381"},"modified":"2026-01-23T17:04:09","modified_gmt":"2026-01-23T16:04:09","slug":"champagne-symphonie-magnum","status":"publish","type":"product","link":"https:\/\/champagne-francisbougy.com\/?product=champagne-symphonie-magnum","title":{"rendered":"CHAMPAGNE SYMPHONIE Magnum"},"content":{"rendered":"<p>Compos\u00e9 majoritairement de Chardonnay (75%), ce Champagne Brut veillit 5 ans allie \u00e0 merveille finesse, gourmandise et complexit\u00e9. Id\u00e9al pour les repas de f\u00eate, il est id\u00e9al pour l\u2019accompagnement de vos ap\u00e9ritif et cocktail.<\/p>\n","protected":false},"excerpt":{"rendered":"<p>Compos\u00e9 majoritairement de Chardonnay (75%), ce Champagne Brut veillit 5 ans allie \u00e0 merveille finesse, gourmandise et complexit\u00e9. Id\u00e9al pour les repas de f\u00eate, il est id\u00e9al pour l\u2019accompagnement de vos ap\u00e9ritif et cocktail.<\/p>\n","protected":false},"featured_media":408,"comment_status":"closed","ping_status":"closed","template":"","meta":[],"product_brand":[],"product_cat":[22],"product_tag":[],"class_list":{"0":"post-381","1":"product","2":"type-product","3":"status-publish","4":"has-post-thumbnail","6":"product_cat-cuvee","8":"first","9":"instock","10":"taxable","11":"shipping-taxable","12":"purchasable","13":"product-type-simple"},"jetpack_sharing_enabled":true,"_links":{"self":[{"href":"https:\/\/champagne-francisbougy.com\/index.php?rest_route=\/wp\/v2\/product\/381","targetHints":{"allow":["GET"]}}],"collection":[{"href":"https:\/\/champagne-francisbougy.com\/index.php?rest_route=\/wp\/v2\/product"}],"about":[{"href":"https:\/\/champagne-francisbougy.com\/index.php?rest_route=\/wp\/v2\/types\/product"}],"replies":[{"embeddable":true,"href":"https:\/\/champagne-francisbougy.com\/index.php?rest_route=%2Fwp%2Fv2%2Fcomments&post=381"}],"wp:featuredmedia":[{"embeddable":true,"href":"https:\/\/champagne-francisbougy.com\/index.php?rest_route=\/wp\/v2\/media\/408"}],"wp:attachment":[{"href":"https:\/\/champagne-francisbougy.com\/index.php?rest_route=%2Fwp%2Fv2%2Fmedia&parent=381"}],"wp:term":[{"taxonomy":"product_brand","embeddable":true,"href":"https:\/\/champagne-francisbougy.com\/index.php?rest_route=%2Fwp%2Fv2%2Fproduct_brand&post=381"},{"taxonomy":"product_cat","embeddable":true,"href":"https:\/\/champagne-francisbougy.com\/index.php?rest_route=%2Fwp%2Fv2%2Fproduct_cat&post=381"},{"taxonomy":"product_tag","embeddable":true,"href":"https:\/\/champagne-francisbougy.com\/index.php?rest_route=%2Fwp%2Fv2%2Fproduct_tag&post=381"}],"curies":[{"name":"wp","href":"https:\/\/api.w.org\/{rel}","templated":true}]}}