{"id":361,"date":"2020-12-03T21:16:26","date_gmt":"2020-12-03T20:16:26","guid":{"rendered":"http:\/\/champagne-francisbougy.com\/?post_type=product&#038;p=361"},"modified":"2026-01-23T17:03:01","modified_gmt":"2026-01-23T16:03:01","slug":"champagne-demi-sec","status":"publish","type":"product","link":"https:\/\/champagne-francisbougy.com\/?product=champagne-demi-sec","title":{"rendered":"Champagne Demi-Sec"},"content":{"rendered":"<p>Notre Champagne demi-sec est \u00e9quilibr\u00e9, fruit\u00e9 et gourmand. Expressif au nez, vous serez imm\u00e9diatement s\u00e9duit par sa rondeur et sa fra\u00eecheur en bouche.<\/p>\n<p><em>Par sa composition : 50% Chardonnay \/ <\/em><em>50% de Pinot nous vous proposons un produit id\u00e9al pour l&rsquo;accompagnement <\/em><em>du foie gras ou dessert \u00e0 base de fruits.<\/em><\/p>\n","protected":false},"excerpt":{"rendered":"<p>Notre Champagne demi-sec est \u00e9quilibr\u00e9, fruit\u00e9 et gourmand. Expressif au nez, vous serez imm\u00e9diatement s\u00e9duit par sa rondeur et sa fra\u00eecheur en bouche. Par sa composition : 50% Chardonnay \/ 50% de Pinot nous vous proposons un produit id\u00e9al pour l&rsquo;accompagnement du foie gras ou dessert \u00e0 base de fruits.<\/p>\n","protected":false},"featured_media":406,"comment_status":"closed","ping_status":"closed","template":"","meta":[],"product_brand":[],"product_cat":[22],"product_tag":[],"class_list":{"0":"post-361","1":"product","2":"type-product","3":"status-publish","4":"has-post-thumbnail","6":"product_cat-cuvee","8":"first","9":"outofstock","10":"taxable","11":"shipping-taxable","12":"purchasable","13":"product-type-simple"},"jetpack_sharing_enabled":true,"_links":{"self":[{"href":"https:\/\/champagne-francisbougy.com\/index.php?rest_route=\/wp\/v2\/product\/361","targetHints":{"allow":["GET"]}}],"collection":[{"href":"https:\/\/champagne-francisbougy.com\/index.php?rest_route=\/wp\/v2\/product"}],"about":[{"href":"https:\/\/champagne-francisbougy.com\/index.php?rest_route=\/wp\/v2\/types\/product"}],"replies":[{"embeddable":true,"href":"https:\/\/champagne-francisbougy.com\/index.php?rest_route=%2Fwp%2Fv2%2Fcomments&post=361"}],"wp:featuredmedia":[{"embeddable":true,"href":"https:\/\/champagne-francisbougy.com\/index.php?rest_route=\/wp\/v2\/media\/406"}],"wp:attachment":[{"href":"https:\/\/champagne-francisbougy.com\/index.php?rest_route=%2Fwp%2Fv2%2Fmedia&parent=361"}],"wp:term":[{"taxonomy":"product_brand","embeddable":true,"href":"https:\/\/champagne-francisbougy.com\/index.php?rest_route=%2Fwp%2Fv2%2Fproduct_brand&post=361"},{"taxonomy":"product_cat","embeddable":true,"href":"https:\/\/champagne-francisbougy.com\/index.php?rest_route=%2Fwp%2Fv2%2Fproduct_cat&post=361"},{"taxonomy":"product_tag","embeddable":true,"href":"https:\/\/champagne-francisbougy.com\/index.php?rest_route=%2Fwp%2Fv2%2Fproduct_tag&post=361"}],"curies":[{"name":"wp","href":"https:\/\/api.w.org\/{rel}","templated":true}]}}