{"id":355,"date":"2020-12-05T17:24:20","date_gmt":"2020-12-05T16:24:20","guid":{"rendered":"http:\/\/champagne-francisbougy.com\/?post_type=product&#038;p=355"},"modified":"2026-01-23T17:02:22","modified_gmt":"2026-01-23T16:02:22","slug":"blanc-de-blancs","status":"publish","type":"product","link":"https:\/\/champagne-francisbougy.com\/?product=blanc-de-blancs","title":{"rendered":"Champagne Blanc de Blancs"},"content":{"rendered":"<p>Une\u00a0cuv\u00e9e exceptionnellement gourmande (100% Chardonnay)\u00a0et d\u00e9salt\u00e9rante id\u00e9ale \u00e0 l\u2019ap\u00e9ritif\u00a0comme sur fruits de mer.\u00a0Finesse et fra\u00eecheur en bouche, Une cuv\u00e9e tr\u00e8s appr\u00e9ci\u00e9e de nos clients.<\/p>\n","protected":false},"excerpt":{"rendered":"<p>Une\u00a0cuv\u00e9e exceptionnellement gourmande (100% Chardonnay)\u00a0et d\u00e9salt\u00e9rante id\u00e9ale \u00e0 l\u2019ap\u00e9ritif\u00a0comme sur fruits de mer.\u00a0Finesse et fra\u00eecheur en bouche, Une cuv\u00e9e tr\u00e8s appr\u00e9ci\u00e9e de nos clients.<\/p>\n","protected":false},"featured_media":539,"comment_status":"closed","ping_status":"closed","template":"","meta":[],"product_brand":[],"product_cat":[22],"product_tag":[],"class_list":{"0":"post-355","1":"product","2":"type-product","3":"status-publish","4":"has-post-thumbnail","6":"product_cat-cuvee","8":"first","9":"instock","10":"taxable","11":"shipping-taxable","12":"purchasable","13":"product-type-simple"},"jetpack_sharing_enabled":true,"_links":{"self":[{"href":"https:\/\/champagne-francisbougy.com\/index.php?rest_route=\/wp\/v2\/product\/355","targetHints":{"allow":["GET"]}}],"collection":[{"href":"https:\/\/champagne-francisbougy.com\/index.php?rest_route=\/wp\/v2\/product"}],"about":[{"href":"https:\/\/champagne-francisbougy.com\/index.php?rest_route=\/wp\/v2\/types\/product"}],"replies":[{"embeddable":true,"href":"https:\/\/champagne-francisbougy.com\/index.php?rest_route=%2Fwp%2Fv2%2Fcomments&post=355"}],"wp:featuredmedia":[{"embeddable":true,"href":"https:\/\/champagne-francisbougy.com\/index.php?rest_route=\/wp\/v2\/media\/539"}],"wp:attachment":[{"href":"https:\/\/champagne-francisbougy.com\/index.php?rest_route=%2Fwp%2Fv2%2Fmedia&parent=355"}],"wp:term":[{"taxonomy":"product_brand","embeddable":true,"href":"https:\/\/champagne-francisbougy.com\/index.php?rest_route=%2Fwp%2Fv2%2Fproduct_brand&post=355"},{"taxonomy":"product_cat","embeddable":true,"href":"https:\/\/champagne-francisbougy.com\/index.php?rest_route=%2Fwp%2Fv2%2Fproduct_cat&post=355"},{"taxonomy":"product_tag","embeddable":true,"href":"https:\/\/champagne-francisbougy.com\/index.php?rest_route=%2Fwp%2Fv2%2Fproduct_tag&post=355"}],"curies":[{"name":"wp","href":"https:\/\/api.w.org\/{rel}","templated":true}]}}