{"id":349,"date":"2020-12-04T22:43:22","date_gmt":"2020-12-04T21:43:22","guid":{"rendered":"http:\/\/champagne-francisbougy.com\/?post_type=product&#038;p=349"},"modified":"2026-01-23T17:02:41","modified_gmt":"2026-01-23T16:02:41","slug":"champagne-rose","status":"publish","type":"product","link":"https:\/\/champagne-francisbougy.com\/?product=champagne-rose","title":{"rendered":"Champagne Ros\u00e9"},"content":{"rendered":"<p>La cuv\u00e9e Ros\u00e9 est autant \u00e9l\u00e9gante qu&rsquo;intense.<\/p>\n<p>Au nez, elle surprend par une intensit\u00e9 caract\u00e9ristique par sa composition 50% Chardonnay et 50% Pinot (Dont 8 \u00e0 12% de vin rouge), tr\u00e8s agr\u00e9ablement fruit\u00e9e. Le palais est \u00e9quilibr\u00e9 et elle s&rsquo;adapte \u00e0 l&rsquo;ap\u00e9ritif comme au dessert.<\/p>\n<p>&nbsp;<\/p>\n","protected":false},"excerpt":{"rendered":"<p>La cuv\u00e9e Ros\u00e9 est autant \u00e9l\u00e9gante qu&rsquo;intense. Au nez, elle surprend par une intensit\u00e9 caract\u00e9ristique par sa composition 50% Chardonnay et 50% Pinot (Dont 8 \u00e0 12% de vin rouge), tr\u00e8s agr\u00e9ablement fruit\u00e9e. Le palais est \u00e9quilibr\u00e9 et elle s&rsquo;adapte \u00e0 l&rsquo;ap\u00e9ritif comme au dessert. &nbsp;<\/p>\n","protected":false},"featured_media":407,"comment_status":"closed","ping_status":"closed","template":"","meta":[],"product_brand":[],"product_cat":[22],"product_tag":[],"class_list":{"0":"post-349","1":"product","2":"type-product","3":"status-publish","4":"has-post-thumbnail","6":"product_cat-cuvee","8":"first","9":"instock","10":"taxable","11":"shipping-taxable","12":"purchasable","13":"product-type-simple"},"jetpack_sharing_enabled":true,"_links":{"self":[{"href":"https:\/\/champagne-francisbougy.com\/index.php?rest_route=\/wp\/v2\/product\/349","targetHints":{"allow":["GET"]}}],"collection":[{"href":"https:\/\/champagne-francisbougy.com\/index.php?rest_route=\/wp\/v2\/product"}],"about":[{"href":"https:\/\/champagne-francisbougy.com\/index.php?rest_route=\/wp\/v2\/types\/product"}],"replies":[{"embeddable":true,"href":"https:\/\/champagne-francisbougy.com\/index.php?rest_route=%2Fwp%2Fv2%2Fcomments&post=349"}],"wp:featuredmedia":[{"embeddable":true,"href":"https:\/\/champagne-francisbougy.com\/index.php?rest_route=\/wp\/v2\/media\/407"}],"wp:attachment":[{"href":"https:\/\/champagne-francisbougy.com\/index.php?rest_route=%2Fwp%2Fv2%2Fmedia&parent=349"}],"wp:term":[{"taxonomy":"product_brand","embeddable":true,"href":"https:\/\/champagne-francisbougy.com\/index.php?rest_route=%2Fwp%2Fv2%2Fproduct_brand&post=349"},{"taxonomy":"product_cat","embeddable":true,"href":"https:\/\/champagne-francisbougy.com\/index.php?rest_route=%2Fwp%2Fv2%2Fproduct_cat&post=349"},{"taxonomy":"product_tag","embeddable":true,"href":"https:\/\/champagne-francisbougy.com\/index.php?rest_route=%2Fwp%2Fv2%2Fproduct_tag&post=349"}],"curies":[{"name":"wp","href":"https:\/\/api.w.org\/{rel}","templated":true}]}}