{"id":311,"date":"2020-12-09T21:50:17","date_gmt":"2020-12-09T20:50:17","guid":{"rendered":"http:\/\/champagne-francisbougy.com\/?post_type=product&#038;p=311"},"modified":"2026-01-23T17:00:38","modified_gmt":"2026-01-23T16:00:38","slug":"champagne-brut","status":"publish","type":"product","link":"https:\/\/champagne-francisbougy.com\/?product=champagne-brut","title":{"rendered":"Champagne BRUT"},"content":{"rendered":"<header class=\"entry-header\">Authentique, \u00e9l\u00e9gant et fruit\u00e9, Cette cuv\u00e9e allie les deux grands c\u00e9pages champenois, avec 50% Chardonnay et 50% Pinot Noir\/Meunier. Il offre un nez fruit\u00e9 qui pourra vous accompagner \u00e0 l&rsquo;ap\u00e9ritif comme au repas.<\/p>\n<h1><\/h1>\n<\/header>\n<div class=\"entry-content\">\n<div id=\"id2\">\n<p>&nbsp;<\/p>\n<p>&nbsp;<\/p>\n<\/div>\n<\/div>\n","protected":false},"excerpt":{"rendered":"<p>Authentique, \u00e9l\u00e9gant et fruit\u00e9, Cette cuv\u00e9e allie les deux grands c\u00e9pages champenois, avec 50% Chardonnay et 50% Pinot Noir\/Meunier. Il offre un nez fruit\u00e9 qui pourra vous accompagner \u00e0 l&rsquo;ap\u00e9ritif comme au repas. &nbsp; &nbsp;<\/p>\n","protected":false},"featured_media":410,"comment_status":"closed","ping_status":"closed","template":"","meta":[],"product_brand":[],"product_cat":[22],"product_tag":[],"class_list":{"0":"post-311","1":"product","2":"type-product","3":"status-publish","4":"has-post-thumbnail","6":"product_cat-cuvee","8":"first","9":"instock","10":"taxable","11":"shipping-taxable","12":"purchasable","13":"product-type-simple"},"jetpack_sharing_enabled":true,"_links":{"self":[{"href":"https:\/\/champagne-francisbougy.com\/index.php?rest_route=\/wp\/v2\/product\/311","targetHints":{"allow":["GET"]}}],"collection":[{"href":"https:\/\/champagne-francisbougy.com\/index.php?rest_route=\/wp\/v2\/product"}],"about":[{"href":"https:\/\/champagne-francisbougy.com\/index.php?rest_route=\/wp\/v2\/types\/product"}],"replies":[{"embeddable":true,"href":"https:\/\/champagne-francisbougy.com\/index.php?rest_route=%2Fwp%2Fv2%2Fcomments&post=311"}],"wp:featuredmedia":[{"embeddable":true,"href":"https:\/\/champagne-francisbougy.com\/index.php?rest_route=\/wp\/v2\/media\/410"}],"wp:attachment":[{"href":"https:\/\/champagne-francisbougy.com\/index.php?rest_route=%2Fwp%2Fv2%2Fmedia&parent=311"}],"wp:term":[{"taxonomy":"product_brand","embeddable":true,"href":"https:\/\/champagne-francisbougy.com\/index.php?rest_route=%2Fwp%2Fv2%2Fproduct_brand&post=311"},{"taxonomy":"product_cat","embeddable":true,"href":"https:\/\/champagne-francisbougy.com\/index.php?rest_route=%2Fwp%2Fv2%2Fproduct_cat&post=311"},{"taxonomy":"product_tag","embeddable":true,"href":"https:\/\/champagne-francisbougy.com\/index.php?rest_route=%2Fwp%2Fv2%2Fproduct_tag&post=311"}],"curies":[{"name":"wp","href":"https:\/\/api.w.org\/{rel}","templated":true}]}}