{"id":517,"date":"2021-12-23T10:19:48","date_gmt":"2021-12-23T09:19:48","guid":{"rendered":"https:\/\/champagne-francisbougy.com\/?page_id=517"},"modified":"2021-12-29T12:21:34","modified_gmt":"2021-12-29T11:21:34","slug":"vieilles-vignes","status":"publish","type":"page","link":"https:\/\/champagne-francisbougy.com\/?page_id=517","title":{"rendered":"Vieilles Vignes"},"content":{"rendered":"\n<div class=\"wp-block-image\"><figure class=\"aligncenter size-large is-resized\"><a href=\"https:\/\/champagne-francisbougy.com\/wp-content\/uploads\/2021\/12\/Vieilles-vignes-1-scaled.jpg\"><img loading=\"lazy\" decoding=\"async\" src=\"https:\/\/champagne-francisbougy.com\/wp-content\/uploads\/2021\/12\/Vieilles-vignes-1-681x1024.jpg\" alt=\"\" class=\"wp-image-537\" width=\"434\" height=\"652\" srcset=\"https:\/\/champagne-francisbougy.com\/wp-content\/uploads\/2021\/12\/Vieilles-vignes-1-681x1024.jpg 681w, https:\/\/champagne-francisbougy.com\/wp-content\/uploads\/2021\/12\/Vieilles-vignes-1-200x300.jpg 200w, https:\/\/champagne-francisbougy.com\/wp-content\/uploads\/2021\/12\/Vieilles-vignes-1-768x1154.jpg 768w, https:\/\/champagne-francisbougy.com\/wp-content\/uploads\/2021\/12\/Vieilles-vignes-1-1022x1536.jpg 1022w, https:\/\/champagne-francisbougy.com\/wp-content\/uploads\/2021\/12\/Vieilles-vignes-1-1363x2048.jpg 1363w, https:\/\/champagne-francisbougy.com\/wp-content\/uploads\/2021\/12\/Vieilles-vignes-1-350x526.jpg 350w, https:\/\/champagne-francisbougy.com\/wp-content\/uploads\/2021\/12\/Vieilles-vignes-1-scaled.jpg 1703w\" sizes=\"auto, (max-width: 434px) 100vw, 434px\" \/><\/a><\/figure><\/div>\n\n\n\n<p><em>Cuv\u00e9e prestigieuse pour les grandes occasions avec une composition premium:  100% Meuniers  (Vignes de plus de 50 ans)<\/em><\/p>\n\n\n\n<p>Cette cuv\u00e9e est id\u00e9ale pour accompagner vos&nbsp;<em>ap\u00e9ritifs<\/em> et repas.<\/p>\n","protected":false},"excerpt":{"rendered":"<p>Cuv\u00e9e prestigieuse pour les grandes occasions avec une composition premium: 100% Meuniers (Vignes de plus de 50 ans) Cette cuv\u00e9e est id\u00e9ale pour accompagner vos&nbsp;ap\u00e9ritifs et repas.<\/p>\n","protected":false},"author":1,"featured_media":0,"parent":0,"menu_order":0,"comment_status":"closed","ping_status":"closed","template":"","meta":{"footnotes":""},"class_list":["post-517","page","type-page","status-publish","hentry"],"jetpack_sharing_enabled":true,"_links":{"self":[{"href":"https:\/\/champagne-francisbougy.com\/index.php?rest_route=\/wp\/v2\/pages\/517","targetHints":{"allow":["GET"]}}],"collection":[{"href":"https:\/\/champagne-francisbougy.com\/index.php?rest_route=\/wp\/v2\/pages"}],"about":[{"href":"https:\/\/champagne-francisbougy.com\/index.php?rest_route=\/wp\/v2\/types\/page"}],"author":[{"embeddable":true,"href":"https:\/\/champagne-francisbougy.com\/index.php?rest_route=\/wp\/v2\/users\/1"}],"replies":[{"embeddable":true,"href":"https:\/\/champagne-francisbougy.com\/index.php?rest_route=%2Fwp%2Fv2%2Fcomments&post=517"}],"version-history":[{"count":5,"href":"https:\/\/champagne-francisbougy.com\/index.php?rest_route=\/wp\/v2\/pages\/517\/revisions"}],"predecessor-version":[{"id":538,"href":"https:\/\/champagne-francisbougy.com\/index.php?rest_route=\/wp\/v2\/pages\/517\/revisions\/538"}],"wp:attachment":[{"href":"https:\/\/champagne-francisbougy.com\/index.php?rest_route=%2Fwp%2Fv2%2Fmedia&parent=517"}],"curies":[{"name":"wp","href":"https:\/\/api.w.org\/{rel}","templated":true}]}}