{"id":51,"date":"2013-11-16T22:19:47","date_gmt":"2013-11-16T21:19:47","guid":{"rendered":"http:\/\/champagne-francisbougy.com\/beta\/?page_id=51"},"modified":"2020-12-20T18:40:11","modified_gmt":"2020-12-20T17:40:11","slug":"rose","status":"publish","type":"page","link":"https:\/\/champagne-francisbougy.com\/?page_id=51","title":{"rendered":"Ros\u00e9"},"content":{"rendered":"<p><img loading=\"lazy\" decoding=\"async\" class=\"aligncenter\" src=\"https:\/\/champagne-francisbougy.com\/wp-content\/uploads\/2020\/12\/Rose%CC%81-scaled.jpg\" width=\"454\" height=\"683\" \/><\/p>\n<p style=\"text-align: center;\">La cuv\u00e9e Ros\u00e9 est autant \u00e9l\u00e9gante qu\u2019intense.<\/p>\n<p style=\"text-align: center;\">Au nez, elle surprend par une intensit\u00e9 caract\u00e9ristique par sa composition 50% Chardonnay et 50% Pinot (Dont 8 \u00e0 12% de vin rouge), tr\u00e8s agr\u00e9ablement fruit\u00e9e. Le palais est \u00e9quilibr\u00e9 et elle s\u2019adapte \u00e0 l\u2019ap\u00e9ritif comme au dessert.<\/p>\n<p style=\"text-align: center;\">Disponible en Bouteille (75cl) et Magnum<\/p>\n","protected":false},"excerpt":{"rendered":"<p>La cuv\u00e9e Ros\u00e9 est autant \u00e9l\u00e9gante qu\u2019intense. Au nez, elle surprend par une intensit\u00e9 caract\u00e9ristique par sa composition 50% Chardonnay et 50% Pinot (Dont 8 \u00e0 12% de vin rouge), tr\u00e8s agr\u00e9ablement fruit\u00e9e. Le palais est \u00e9quilibr\u00e9 et elle s\u2019adapte \u00e0 l\u2019ap\u00e9ritif comme au dessert. Disponible en Bouteille (75cl) et Magnum<\/p>\n","protected":false},"author":1,"featured_media":0,"parent":7,"menu_order":0,"comment_status":"closed","ping_status":"closed","template":"","meta":{"footnotes":""},"class_list":["post-51","page","type-page","status-publish","hentry"],"jetpack_sharing_enabled":true,"_links":{"self":[{"href":"https:\/\/champagne-francisbougy.com\/index.php?rest_route=\/wp\/v2\/pages\/51","targetHints":{"allow":["GET"]}}],"collection":[{"href":"https:\/\/champagne-francisbougy.com\/index.php?rest_route=\/wp\/v2\/pages"}],"about":[{"href":"https:\/\/champagne-francisbougy.com\/index.php?rest_route=\/wp\/v2\/types\/page"}],"author":[{"embeddable":true,"href":"https:\/\/champagne-francisbougy.com\/index.php?rest_route=\/wp\/v2\/users\/1"}],"replies":[{"embeddable":true,"href":"https:\/\/champagne-francisbougy.com\/index.php?rest_route=%2Fwp%2Fv2%2Fcomments&post=51"}],"version-history":[{"count":5,"href":"https:\/\/champagne-francisbougy.com\/index.php?rest_route=\/wp\/v2\/pages\/51\/revisions"}],"predecessor-version":[{"id":441,"href":"https:\/\/champagne-francisbougy.com\/index.php?rest_route=\/wp\/v2\/pages\/51\/revisions\/441"}],"up":[{"embeddable":true,"href":"https:\/\/champagne-francisbougy.com\/index.php?rest_route=\/wp\/v2\/pages\/7"}],"wp:attachment":[{"href":"https:\/\/champagne-francisbougy.com\/index.php?rest_route=%2Fwp%2Fv2%2Fmedia&parent=51"}],"curies":[{"name":"wp","href":"https:\/\/api.w.org\/{rel}","templated":true}]}}