{"id":48,"date":"2013-11-16T22:17:53","date_gmt":"2013-11-16T21:17:53","guid":{"rendered":"http:\/\/champagne-francisbougy.com\/beta\/?page_id=48"},"modified":"2021-12-29T12:23:26","modified_gmt":"2021-12-29T11:23:26","slug":"blanc-de-blancs","status":"publish","type":"page","link":"https:\/\/champagne-francisbougy.com\/?page_id=48","title":{"rendered":"Blanc de Blancs"},"content":{"rendered":"\n<div class=\"wp-block-image is-style-default\"><figure class=\"aligncenter size-large is-resized\"><a href=\"https:\/\/champagne-francisbougy.com\/wp-content\/uploads\/2021\/12\/Blanc-de-blanc-1-scaled.jpg\"><img loading=\"lazy\" decoding=\"async\" src=\"https:\/\/champagne-francisbougy.com\/wp-content\/uploads\/2021\/12\/Blanc-de-blanc-1-681x1024.jpg\" alt=\"\" class=\"wp-image-540\" width=\"398\" height=\"598\" srcset=\"https:\/\/champagne-francisbougy.com\/wp-content\/uploads\/2021\/12\/Blanc-de-blanc-1-681x1024.jpg 681w, https:\/\/champagne-francisbougy.com\/wp-content\/uploads\/2021\/12\/Blanc-de-blanc-1-200x300.jpg 200w, https:\/\/champagne-francisbougy.com\/wp-content\/uploads\/2021\/12\/Blanc-de-blanc-1-768x1154.jpg 768w, https:\/\/champagne-francisbougy.com\/wp-content\/uploads\/2021\/12\/Blanc-de-blanc-1-1022x1536.jpg 1022w, https:\/\/champagne-francisbougy.com\/wp-content\/uploads\/2021\/12\/Blanc-de-blanc-1-1363x2048.jpg 1363w, https:\/\/champagne-francisbougy.com\/wp-content\/uploads\/2021\/12\/Blanc-de-blanc-1-350x526.jpg 350w, https:\/\/champagne-francisbougy.com\/wp-content\/uploads\/2021\/12\/Blanc-de-blanc-1-scaled.jpg 1703w\" sizes=\"auto, (max-width: 398px) 100vw, 398px\" \/><\/a><\/figure><\/div>\n\n\n<p style=\"text-align: center;\">Une\u00a0cuv\u00e9e exceptionnellement gourmande (100% Chardonnay)\u00a0et d\u00e9salt\u00e9rante id\u00e9ale \u00e0 l\u2019ap\u00e9ritif\u00a0comme sur fruits de mer.\u00a0Finesse et fra\u00eecheur en bouche, Une cuv\u00e9e tr\u00e8s appr\u00e9ci\u00e9e de nos clients.<\/p>","protected":false},"excerpt":{"rendered":"<p>Une\u00a0cuv\u00e9e exceptionnellement gourmande (100% Chardonnay)\u00a0et d\u00e9salt\u00e9rante id\u00e9ale \u00e0 l\u2019ap\u00e9ritif\u00a0comme sur fruits de mer.\u00a0Finesse et fra\u00eecheur en bouche, Une cuv\u00e9e tr\u00e8s appr\u00e9ci\u00e9e de nos clients.<\/p>\n","protected":false},"author":1,"featured_media":0,"parent":7,"menu_order":1,"comment_status":"closed","ping_status":"closed","template":"","meta":{"footnotes":""},"class_list":["post-48","page","type-page","status-publish","hentry"],"jetpack_sharing_enabled":true,"_links":{"self":[{"href":"https:\/\/champagne-francisbougy.com\/index.php?rest_route=\/wp\/v2\/pages\/48","targetHints":{"allow":["GET"]}}],"collection":[{"href":"https:\/\/champagne-francisbougy.com\/index.php?rest_route=\/wp\/v2\/pages"}],"about":[{"href":"https:\/\/champagne-francisbougy.com\/index.php?rest_route=\/wp\/v2\/types\/page"}],"author":[{"embeddable":true,"href":"https:\/\/champagne-francisbougy.com\/index.php?rest_route=\/wp\/v2\/users\/1"}],"replies":[{"embeddable":true,"href":"https:\/\/champagne-francisbougy.com\/index.php?rest_route=%2Fwp%2Fv2%2Fcomments&post=48"}],"version-history":[{"count":9,"href":"https:\/\/champagne-francisbougy.com\/index.php?rest_route=\/wp\/v2\/pages\/48\/revisions"}],"predecessor-version":[{"id":541,"href":"https:\/\/champagne-francisbougy.com\/index.php?rest_route=\/wp\/v2\/pages\/48\/revisions\/541"}],"up":[{"embeddable":true,"href":"https:\/\/champagne-francisbougy.com\/index.php?rest_route=\/wp\/v2\/pages\/7"}],"wp:attachment":[{"href":"https:\/\/champagne-francisbougy.com\/index.php?rest_route=%2Fwp%2Fv2%2Fmedia&parent=48"}],"curies":[{"name":"wp","href":"https:\/\/api.w.org\/{rel}","templated":true}]}}