{"id":469,"date":"2020-12-21T19:25:32","date_gmt":"2020-12-21T18:25:32","guid":{"rendered":"http:\/\/champagne-francisbougy.com\/?page_id=469"},"modified":"2024-02-01T18:06:46","modified_gmt":"2024-02-01T17:06:46","slug":"mesnil-grand-cru-2007","status":"publish","type":"page","link":"https:\/\/champagne-francisbougy.com\/?page_id=469","title":{"rendered":"MESNIL 2008"},"content":{"rendered":"<div class=\"wp-block-image\">\n<figure class=\"aligncenter size-large is-resized\"><a href=\"https:\/\/champagne-francisbougy.com\/wp-content\/uploads\/2021\/12\/Cuvee-2007-scaled.jpg\"><img loading=\"lazy\" decoding=\"async\" width=\"681\" height=\"1024\" src=\"https:\/\/champagne-francisbougy.com\/wp-content\/uploads\/2021\/12\/Cuvee-2007-681x1024.jpg\" alt=\"\" class=\"wp-image-534\" style=\"width:322px;height:483px\" srcset=\"https:\/\/champagne-francisbougy.com\/wp-content\/uploads\/2021\/12\/Cuvee-2007-681x1024.jpg 681w, https:\/\/champagne-francisbougy.com\/wp-content\/uploads\/2021\/12\/Cuvee-2007-200x300.jpg 200w, https:\/\/champagne-francisbougy.com\/wp-content\/uploads\/2021\/12\/Cuvee-2007-768x1154.jpg 768w, https:\/\/champagne-francisbougy.com\/wp-content\/uploads\/2021\/12\/Cuvee-2007-1022x1536.jpg 1022w, https:\/\/champagne-francisbougy.com\/wp-content\/uploads\/2021\/12\/Cuvee-2007-1363x2048.jpg 1363w, https:\/\/champagne-francisbougy.com\/wp-content\/uploads\/2021\/12\/Cuvee-2007-350x526.jpg 350w, https:\/\/champagne-francisbougy.com\/wp-content\/uploads\/2021\/12\/Cuvee-2007-scaled.jpg 1703w\" sizes=\"auto, (max-width: 681px) 100vw, 681px\" \/><\/a><\/figure>\n<\/div>\n\n\n<p class=\"has-text-align-center\"><em>Cuv\u00e9e Mill\u00e9sim\u00e9 2008 pour les grandes occasions avec une composition premium : 100% Chardonnay en provenance du vignoble de Mesnil sur Oger. (C\u00f4te des blancs).<\/em><\/p>\n\n\n\n<p class=\"has-text-align-center\">Cette cuv\u00e9e est id\u00e9ale pour accompagner vos&nbsp;<em>ap\u00e9ritifs.<\/em><\/p>\n","protected":false},"excerpt":{"rendered":"<p>Cuv\u00e9e Mill\u00e9sim\u00e9 2008 pour les grandes occasions avec une composition premium : 100% Chardonnay en provenance du vignoble de Mesnil sur Oger. (C\u00f4te des blancs). Cette cuv\u00e9e est id\u00e9ale pour accompagner vos&nbsp;ap\u00e9ritifs.<\/p>\n","protected":false},"author":1,"featured_media":0,"parent":0,"menu_order":0,"comment_status":"closed","ping_status":"closed","template":"","meta":{"footnotes":""},"class_list":["post-469","page","type-page","status-publish","hentry"],"jetpack_sharing_enabled":true,"_links":{"self":[{"href":"https:\/\/champagne-francisbougy.com\/index.php?rest_route=\/wp\/v2\/pages\/469","targetHints":{"allow":["GET"]}}],"collection":[{"href":"https:\/\/champagne-francisbougy.com\/index.php?rest_route=\/wp\/v2\/pages"}],"about":[{"href":"https:\/\/champagne-francisbougy.com\/index.php?rest_route=\/wp\/v2\/types\/page"}],"author":[{"embeddable":true,"href":"https:\/\/champagne-francisbougy.com\/index.php?rest_route=\/wp\/v2\/users\/1"}],"replies":[{"embeddable":true,"href":"https:\/\/champagne-francisbougy.com\/index.php?rest_route=%2Fwp%2Fv2%2Fcomments&post=469"}],"version-history":[{"count":6,"href":"https:\/\/champagne-francisbougy.com\/index.php?rest_route=\/wp\/v2\/pages\/469\/revisions"}],"predecessor-version":[{"id":668,"href":"https:\/\/champagne-francisbougy.com\/index.php?rest_route=\/wp\/v2\/pages\/469\/revisions\/668"}],"wp:attachment":[{"href":"https:\/\/champagne-francisbougy.com\/index.php?rest_route=%2Fwp%2Fv2%2Fmedia&parent=469"}],"curies":[{"name":"wp","href":"https:\/\/api.w.org\/{rel}","templated":true}]}}