{"id":461,"date":"2020-12-21T19:14:05","date_gmt":"2020-12-21T18:14:05","guid":{"rendered":"http:\/\/champagne-francisbougy.com\/?page_id=461"},"modified":"2023-01-17T11:48:28","modified_gmt":"2023-01-17T10:48:28","slug":"blanc-de-noir-1er-cru","status":"publish","type":"page","link":"https:\/\/champagne-francisbougy.com\/?page_id=461","title":{"rendered":"Brut Premier Cru"},"content":{"rendered":"\n<p><strong>Blanc de Noirs<\/strong><\/p>\n\n\n<div class=\"wp-block-image\">\n<figure class=\"aligncenter is-resized\"><img loading=\"lazy\" decoding=\"async\" src=\"https:\/\/champagne-francisbougy.com\/wp-content\/uploads\/2020\/12\/Blanc-de-noirs-scaled.jpg\" alt=\"\" width=\"351\" height=\"527\"\/><\/figure>\n<\/div>\n\n\n<p><\/p>\n\n\n\n<p class=\"has-text-align-center\">La cuv\u00e9e Blanc de Noirs Premier Cru se r\u00e9v\u00e8le fruit\u00e9 et elle est l\u2019expression de majorit\u00e9 des c\u00e9pages \u00e0 peau noire champenois.<\/p>\n\n\n\n<p class=\"has-text-align-center\"><\/p>\n","protected":false},"excerpt":{"rendered":"<p>Blanc de Noirs La cuv\u00e9e Blanc de Noirs Premier Cru se r\u00e9v\u00e8le fruit\u00e9 et elle est l\u2019expression de majorit\u00e9 des c\u00e9pages \u00e0 peau noire champenois.<\/p>\n","protected":false},"author":1,"featured_media":0,"parent":0,"menu_order":0,"comment_status":"closed","ping_status":"closed","template":"","meta":{"footnotes":""},"class_list":["post-461","page","type-page","status-publish","hentry"],"jetpack_sharing_enabled":true,"_links":{"self":[{"href":"https:\/\/champagne-francisbougy.com\/index.php?rest_route=\/wp\/v2\/pages\/461","targetHints":{"allow":["GET"]}}],"collection":[{"href":"https:\/\/champagne-francisbougy.com\/index.php?rest_route=\/wp\/v2\/pages"}],"about":[{"href":"https:\/\/champagne-francisbougy.com\/index.php?rest_route=\/wp\/v2\/types\/page"}],"author":[{"embeddable":true,"href":"https:\/\/champagne-francisbougy.com\/index.php?rest_route=\/wp\/v2\/users\/1"}],"replies":[{"embeddable":true,"href":"https:\/\/champagne-francisbougy.com\/index.php?rest_route=%2Fwp%2Fv2%2Fcomments&post=461"}],"version-history":[{"count":6,"href":"https:\/\/champagne-francisbougy.com\/index.php?rest_route=\/wp\/v2\/pages\/461\/revisions"}],"predecessor-version":[{"id":601,"href":"https:\/\/champagne-francisbougy.com\/index.php?rest_route=\/wp\/v2\/pages\/461\/revisions\/601"}],"wp:attachment":[{"href":"https:\/\/champagne-francisbougy.com\/index.php?rest_route=%2Fwp%2Fv2%2Fmedia&parent=461"}],"curies":[{"name":"wp","href":"https:\/\/api.w.org\/{rel}","templated":true}]}}