{"id":44,"date":"2013-11-16T22:15:21","date_gmt":"2013-11-16T21:15:21","guid":{"rendered":"http:\/\/champagne-francisbougy.com\/beta\/?page_id=44"},"modified":"2020-12-20T18:30:52","modified_gmt":"2020-12-20T17:30:52","slug":"44-2","status":"publish","type":"page","link":"https:\/\/champagne-francisbougy.com\/?page_id=44","title":{"rendered":"Mesnil Grand Cru"},"content":{"rendered":"<div>\n<div><\/div>\n<p><img loading=\"lazy\" decoding=\"async\" class=\"aligncenter\" src=\"https:\/\/champagne-francisbougy.com\/wp-content\/uploads\/2020\/12\/grand-cru-scaled.jpg\" width=\"354\" height=\"531\" \/><\/p>\n<p style=\"text-align: center;\"><em>Cuv\u00e9e prestigieuse pour les grandes occasions avec une composition premium: 100% Chardonnay en provenance du vignoble de Mesnil sur Oger (C\u00f4te des blancs).<\/em><\/p>\n<p style=\"text-align: center;\">Cette cuv\u00e9e est id\u00e9ale pour accompagner vos\u00a0<em>ap\u00e9ritifs.<\/em><\/p>\n<\/div>\n","protected":false},"excerpt":{"rendered":"<p>Cuv\u00e9e prestigieuse pour les grandes occasions avec une composition premium: 100% Chardonnay en provenance du vignoble de Mesnil sur Oger (C\u00f4te des blancs). Cette cuv\u00e9e est id\u00e9ale pour accompagner vos\u00a0ap\u00e9ritifs.<\/p>\n","protected":false},"author":1,"featured_media":0,"parent":7,"menu_order":0,"comment_status":"closed","ping_status":"closed","template":"","meta":{"footnotes":""},"class_list":["post-44","page","type-page","status-publish","hentry"],"jetpack_sharing_enabled":true,"_links":{"self":[{"href":"https:\/\/champagne-francisbougy.com\/index.php?rest_route=\/wp\/v2\/pages\/44","targetHints":{"allow":["GET"]}}],"collection":[{"href":"https:\/\/champagne-francisbougy.com\/index.php?rest_route=\/wp\/v2\/pages"}],"about":[{"href":"https:\/\/champagne-francisbougy.com\/index.php?rest_route=\/wp\/v2\/types\/page"}],"author":[{"embeddable":true,"href":"https:\/\/champagne-francisbougy.com\/index.php?rest_route=\/wp\/v2\/users\/1"}],"replies":[{"embeddable":true,"href":"https:\/\/champagne-francisbougy.com\/index.php?rest_route=%2Fwp%2Fv2%2Fcomments&post=44"}],"version-history":[{"count":6,"href":"https:\/\/champagne-francisbougy.com\/index.php?rest_route=\/wp\/v2\/pages\/44\/revisions"}],"predecessor-version":[{"id":431,"href":"https:\/\/champagne-francisbougy.com\/index.php?rest_route=\/wp\/v2\/pages\/44\/revisions\/431"}],"up":[{"embeddable":true,"href":"https:\/\/champagne-francisbougy.com\/index.php?rest_route=\/wp\/v2\/pages\/7"}],"wp:attachment":[{"href":"https:\/\/champagne-francisbougy.com\/index.php?rest_route=%2Fwp%2Fv2%2Fmedia&parent=44"}],"curies":[{"name":"wp","href":"https:\/\/api.w.org\/{rel}","templated":true}]}}