{"id":273,"date":"2018-11-26T21:38:05","date_gmt":"2018-11-26T20:38:05","guid":{"rendered":"http:\/\/champagne-francisbougy.com\/?page_id=273"},"modified":"2020-12-21T19:11:22","modified_gmt":"2020-12-21T18:11:22","slug":"conditions-generales-de-ventes","status":"publish","type":"page","link":"https:\/\/champagne-francisbougy.com\/?page_id=273","title":{"rendered":"Conditions g\u00e9n\u00e9rales de ventes"},"content":{"rendered":"<p style=\"text-align: center;\">Conditions G\u00e9n\u00e9rales de Ventes<\/p>\n<p style=\"text-align: center;\">Le paiement du prix (France m\u00e9tropolitaine) : les sommes dues sont \u00e0 r\u00e9gler \u00e0 reception de la marchandise, net et sans escompte.<\/p>\n<p style=\"text-align: center;\">Nous nous r\u00e9servons le droit de modifier nos tarifs \u00e0 tout moment sans pr\u00e9avis. La vente est r\u00e9put\u00e9e \u00eatre conclus, sur la base des conditions commerciales en vigueur \u00e0 la date de commande<\/p>\n<p style=\"text-align: center;\">Livraison et transport de la marchandise : les d\u00e9lais de livraison sont donn\u00e9es \u00e0 titre indicatif. Cependant, un retard apport\u00e9 \u00e0 la livraison ne pourra justifier ni annulation de commande, ni dommages et int\u00e9r\u00eats. Les cas de force majeure, cas fortuits ou assimil\u00e9s nous d\u00e9lient de toute obligation de livrer sans indemnit\u00e9 aucune. Nos marchandises voyagent aux risques et p\u00e9rils du destinataire, nous recommandons de v\u00e9rifier le nombre et le contenu des colis avant d&rsquo;en prendre livraison, m\u00eame si ces derniers paraissent en bon \u00e9tat. En cas d&rsquo;anomalie, il appartient au destinataire de faire les r\u00e9serves d&rsquo;usages aupr\u00e8s du transporteur, seul responsable. Sans garantie contre les cons\u00e9quences de la gel\u00e9e, de la chaleur ou d&rsquo;un stockage d\u00e9fectueux.<\/p>\n<p style=\"text-align: center;\">Juridiction comp\u00e9tence en cas de litiges : Les marchandises restent en notre enti\u00e8re propri\u00e9t\u00e9 jusqu&rsquo;\u00e0 r\u00e9ception par nous de leur paiement int\u00e9gral (Loi du 12 Mai 1980). Passer 30 jours date de facture, le d\u00e9faut de paiement \u00e0 l&rsquo;\u00e9ch\u00e9ance entrainera de plein droit des p\u00e9nalit\u00e9s de retard calcul\u00e9es \u00e0 un taux \u00e9gal \u00e0 une fois et demo le taux de l&rsquo;int\u00e9r\u00eat l\u00e9gal. Acceptons le r\u00e8glement des sommes dues par ch\u00e8que libell\u00e9 \u00e0 notre nom en qualit\u00e9 de membre d&rsquo;un centre de Gestion Agr\u00e9e par l&rsquo;administration fiscale (D\u00e9cret N\u00b079638 du 27 Juillet 1979). En cas de litige, le Tribunal de Commerce de Reims est seul comp\u00e9tent.\u00a0\u00a0<\/p>\n<p style=\"text-align: center;\">Conditions sp\u00e9cifique Boutique E-commerce :<\/p>\n<p style=\"text-align: center;\">Une commande est valid\u00e9e uniquement apr\u00e8s confirmation par le vendeur que la marchandise est disponible et que le paiement est re\u00e7u.<\/p>\n<p style=\"text-align: center;\">Les ventes sont possibles uniquement sur la France M\u00e9tropolitaine, pour l&rsquo;Europe merci de prendre contact directement avec nous au 03.26.36.22.05 ou 06.80.42.26.22<\/p>\n<p style=\"text-align: center;\">Photos pr\u00e9sentes sur le site non contractuelles.<\/p>\n<p style=\"text-align: center;\">Les frais de port sont de minimum 20\u20acTTC.<\/p>\n<p style=\"text-align: center;\">Nous vous remercions pour votre confiance.<\/p>\n\n\n<p style=\"font-size:12px\"><\/p>\n","protected":false},"excerpt":{"rendered":"<p>Conditions G\u00e9n\u00e9rales de Ventes Le paiement du prix (France m\u00e9tropolitaine) : les sommes dues sont \u00e0 r\u00e9gler \u00e0 reception de la marchandise, net et sans escompte. Nous nous r\u00e9servons le droit de modifier nos tarifs \u00e0 tout moment sans pr\u00e9avis. La vente est r\u00e9put\u00e9e \u00eatre conclus, sur la base des conditions commerciales en vigueur \u00e0 &hellip; <\/p>\n<p class=\"link-more\"><a href=\"https:\/\/champagne-francisbougy.com\/?page_id=273\" class=\"more-link\">Continuer la lecture<span class=\"screen-reader-text\"> de &laquo;&nbsp;Conditions g\u00e9n\u00e9rales de ventes&nbsp;&raquo;<\/span><\/a><\/p>\n","protected":false},"author":1,"featured_media":0,"parent":0,"menu_order":0,"comment_status":"closed","ping_status":"closed","template":"","meta":{"footnotes":""},"class_list":["post-273","page","type-page","status-publish","hentry"],"jetpack_sharing_enabled":true,"_links":{"self":[{"href":"https:\/\/champagne-francisbougy.com\/index.php?rest_route=\/wp\/v2\/pages\/273","targetHints":{"allow":["GET"]}}],"collection":[{"href":"https:\/\/champagne-francisbougy.com\/index.php?rest_route=\/wp\/v2\/pages"}],"about":[{"href":"https:\/\/champagne-francisbougy.com\/index.php?rest_route=\/wp\/v2\/types\/page"}],"author":[{"embeddable":true,"href":"https:\/\/champagne-francisbougy.com\/index.php?rest_route=\/wp\/v2\/users\/1"}],"replies":[{"embeddable":true,"href":"https:\/\/champagne-francisbougy.com\/index.php?rest_route=%2Fwp%2Fv2%2Fcomments&post=273"}],"version-history":[{"count":7,"href":"https:\/\/champagne-francisbougy.com\/index.php?rest_route=\/wp\/v2\/pages\/273\/revisions"}],"predecessor-version":[{"id":460,"href":"https:\/\/champagne-francisbougy.com\/index.php?rest_route=\/wp\/v2\/pages\/273\/revisions\/460"}],"wp:attachment":[{"href":"https:\/\/champagne-francisbougy.com\/index.php?rest_route=%2Fwp%2Fv2%2Fmedia&parent=273"}],"curies":[{"name":"wp","href":"https:\/\/api.w.org\/{rel}","templated":true}]}}