{"id":265,"date":"2018-11-26T21:23:43","date_gmt":"2018-11-26T20:23:43","guid":{"rendered":"http:\/\/champagne-francisbougy.com\/?page_id=265"},"modified":"2019-01-14T22:33:16","modified_gmt":"2019-01-14T21:33:16","slug":"mentions-legales","status":"publish","type":"page","link":"https:\/\/champagne-francisbougy.com\/?page_id=265","title":{"rendered":"Mentions L\u00e9gales"},"content":{"rendered":"<h2><em>H\u00c9B\u00c9RGEMENT<\/em><\/h2>\n<p><em>1&amp;1 Internet SARL<\/em><\/p>\n<p><em>INTERGEST SA 7 PLACE DE LA GARE<\/em><\/p>\n<p><em>57200 SARREGUEMINES<\/em><\/p>\n<p><em>URL :\u00a0https:\/\/champagne-francisbougy.com<\/em><\/p>\n<h2><em>MENTIONS L\u00c9GALES<\/em><\/h2>\n<p><em>Champagne BOUGY Francis<\/em><\/p>\n<p><em>14 rue des Tuilots<\/em><\/p>\n<p><em>51370 Les Mesneux<\/em><\/p>\n<h2><em>RESPECT L\u00c9GAL &#8211; FINALIT\u00c9 DES DONN\u00c9ES<\/em><\/h2>\n<p><em>Conform\u00e9ment \u00e0 la Loi Informatique et Libert\u00e9s du 6 janvier 1978, vous disposez d&rsquo;un droit d&rsquo;acc\u00e8s et de rectification aux donn\u00e9es personnelles vous concernant. Si vous souhaitez exercer ce droit il vous suffit, dans les conditions l\u00e9gales d\u00e9finies ci apr\u00e8s, de prendre contact avec notre service ad hoc via francis.bougy@wanadoo.fr. Dans un souci de parfaite confidentialit\u00e9, le Champagne Francis BOUGY s&rsquo;engage \u00e0 ne divulguer aucune information qu&rsquo;elle est amen\u00e9e \u00e0 d\u00e9tenir sur ses visiteurs, aupr\u00e8s de qui que ce soit en accord avec la politique de RGPD.<\/em><\/p>\n<h2><em>DROIT ET PROPRI\u00c9T\u00c9<\/em><\/h2>\n<p><em>Les photographies, textes, slogans, dessins, images, logos, cartographies, s\u00e9quences anim\u00e9es ou non ainsi que toutes oeuvres int\u00e9gr\u00e9s dans le site sont la propri\u00e9t\u00e9 de Champagne Bougy Francis ou de tiers ayant autoris\u00e9 le Champagne Francis Bougy \u00e0 les utiliser. Les reproductions, sur un support papier ou informatique, dudit site et des documents qui y sont reproduits sont autoris\u00e9es dans le seul but de pr\u00e9parer son s\u00e9jour \u00e0 le Champagne Francis Bougy excluant tout usage \u00e0 des fins publicitaires et\/ou commerciales et\/ou d&rsquo;information et\/ou qu&rsquo;elles soient conformes aux dispositions de l&rsquo;article L122-5 du Code de la Propri\u00e9t\u00e9 Intellectuelle, sans autorisation pr\u00e9alable de Champagne Bougy Francis.\u00a0<\/em>Chaque visiteur du site atteste \u00eatre majeur au moment de sa visite.<\/p>\n<h2><em>LIENS HYPERTEXTES<\/em><\/h2>\n<p><em>La mise en place d&rsquo;un lien hypertexte vers le site Champagne Francis Bougy n\u00e9cessite une autorisation pr\u00e9alable \u00e9crite de Champagne Francis Bougy. Si vous souhaitez mettre en place un lien hypertexte vers notre site, vous devez en cons\u00e9quence prendre contact avec le responsable du site.<\/em><\/p>\n<h2><em>LIMITATION DE RESPONSABILIT\u00c9<\/em><\/h2>\n<p><em>L&rsquo;utilisateur utilise le site \u00e0 ses seuls risques. En aucun cas, ni le Champagne Bougy Francis, ni ses partenaires et sous-traitants ne pourront \u00eatre tenus responsables des dommages directs ou indirects, et notamment pr\u00e9judice mat\u00e9riel, perte de donn\u00e9es ou de programme, pr\u00e9judice financier, r\u00e9sultant de l&rsquo;acc\u00e8s ou de l&rsquo;utilisation de ce site ou de tous sites qui lui sont li\u00e9s. Le contenu du site est pr\u00e9sent\u00e9 sans aucune garantie de quelque nature que ce soit. L&rsquo;acc\u00e8s aux produits et services pr\u00e9sent\u00e9s sur le site peut faire l&rsquo;objet de restrictions. Vous devez donc vous assurer que la loi du pays \u00e0 partir duquel la connexion est \u00e9tablie vous autorise \u00e0 acc\u00e9der \u00e0 notre site.<\/em><\/p>\n","protected":false},"excerpt":{"rendered":"<p>H\u00c9B\u00c9RGEMENT 1&amp;1 Internet SARL INTERGEST SA 7 PLACE DE LA GARE 57200 SARREGUEMINES URL :\u00a0https:\/\/champagne-francisbougy.com MENTIONS L\u00c9GALES Champagne BOUGY Francis 14 rue des Tuilots 51370 Les Mesneux RESPECT L\u00c9GAL &#8211; FINALIT\u00c9 DES DONN\u00c9ES Conform\u00e9ment \u00e0 la Loi Informatique et Libert\u00e9s du 6 janvier 1978, vous disposez d&rsquo;un droit d&rsquo;acc\u00e8s et de rectification aux donn\u00e9es personnelles &hellip; <\/p>\n<p class=\"link-more\"><a href=\"https:\/\/champagne-francisbougy.com\/?page_id=265\" class=\"more-link\">Continuer la lecture<span class=\"screen-reader-text\"> de &laquo;&nbsp;Mentions L\u00e9gales&nbsp;&raquo;<\/span><\/a><\/p>\n","protected":false},"author":1,"featured_media":0,"parent":0,"menu_order":0,"comment_status":"closed","ping_status":"closed","template":"","meta":{"footnotes":""},"class_list":["post-265","page","type-page","status-publish","hentry"],"jetpack_sharing_enabled":true,"_links":{"self":[{"href":"https:\/\/champagne-francisbougy.com\/index.php?rest_route=\/wp\/v2\/pages\/265","targetHints":{"allow":["GET"]}}],"collection":[{"href":"https:\/\/champagne-francisbougy.com\/index.php?rest_route=\/wp\/v2\/pages"}],"about":[{"href":"https:\/\/champagne-francisbougy.com\/index.php?rest_route=\/wp\/v2\/types\/page"}],"author":[{"embeddable":true,"href":"https:\/\/champagne-francisbougy.com\/index.php?rest_route=\/wp\/v2\/users\/1"}],"replies":[{"embeddable":true,"href":"https:\/\/champagne-francisbougy.com\/index.php?rest_route=%2Fwp%2Fv2%2Fcomments&post=265"}],"version-history":[{"count":1,"href":"https:\/\/champagne-francisbougy.com\/index.php?rest_route=\/wp\/v2\/pages\/265\/revisions"}],"predecessor-version":[{"id":266,"href":"https:\/\/champagne-francisbougy.com\/index.php?rest_route=\/wp\/v2\/pages\/265\/revisions\/266"}],"wp:attachment":[{"href":"https:\/\/champagne-francisbougy.com\/index.php?rest_route=%2Fwp%2Fv2%2Fmedia&parent=265"}],"curies":[{"name":"wp","href":"https:\/\/api.w.org\/{rel}","templated":true}]}}