{"id":21,"date":"2013-11-16T20:58:42","date_gmt":"2013-11-16T19:58:42","guid":{"rendered":"http:\/\/champagne-francisbougy.com\/beta\/?page_id=21"},"modified":"2020-12-21T20:15:42","modified_gmt":"2020-12-21T19:15:42","slug":"brut","status":"publish","type":"page","link":"https:\/\/champagne-francisbougy.com\/?page_id=21","title":{"rendered":"Brut"},"content":{"rendered":"<div id=\"id2\">\n<p style=\"text-align: left;\"><img loading=\"lazy\" decoding=\"async\" class=\"aligncenter\" src=\"https:\/\/champagne-francisbougy.com\/wp-content\/uploads\/2020\/12\/Brut-scaled.jpg\" width=\"441\" height=\"662\" \/><\/p>\n<p style=\"text-align: center;\">Authentique, \u00e9l\u00e9gant et fruit\u00e9, Cette cuv\u00e9e allie les deux grands c\u00e9pages champenois, avec 50% Chardonnay et 50% Pinot Noir\/Meunier. Il offre un nez fruit\u00e9 qui pourra vous accompagner \u00e0 l\u2019ap\u00e9ritif comme au repas.<\/p>\n<p style=\"text-align: center;\">Disponible en Demi-Bouteille, Bouteille (75cl) et Magnum.<\/p>\n<\/div>\n","protected":false},"excerpt":{"rendered":"<p>Authentique, \u00e9l\u00e9gant et fruit\u00e9, Cette cuv\u00e9e allie les deux grands c\u00e9pages champenois, avec 50% Chardonnay et 50% Pinot Noir\/Meunier. Il offre un nez fruit\u00e9 qui pourra vous accompagner \u00e0 l\u2019ap\u00e9ritif comme au repas. Disponible en Demi-Bouteille, Bouteille (75cl) et Magnum.<\/p>\n","protected":false},"author":1,"featured_media":0,"parent":7,"menu_order":1,"comment_status":"closed","ping_status":"closed","template":"","meta":{"footnotes":""},"class_list":["post-21","page","type-page","status-publish","hentry"],"jetpack_sharing_enabled":true,"_links":{"self":[{"href":"https:\/\/champagne-francisbougy.com\/index.php?rest_route=\/wp\/v2\/pages\/21","targetHints":{"allow":["GET"]}}],"collection":[{"href":"https:\/\/champagne-francisbougy.com\/index.php?rest_route=\/wp\/v2\/pages"}],"about":[{"href":"https:\/\/champagne-francisbougy.com\/index.php?rest_route=\/wp\/v2\/types\/page"}],"author":[{"embeddable":true,"href":"https:\/\/champagne-francisbougy.com\/index.php?rest_route=\/wp\/v2\/users\/1"}],"replies":[{"embeddable":true,"href":"https:\/\/champagne-francisbougy.com\/index.php?rest_route=%2Fwp%2Fv2%2Fcomments&post=21"}],"version-history":[{"count":20,"href":"https:\/\/champagne-francisbougy.com\/index.php?rest_route=\/wp\/v2\/pages\/21\/revisions"}],"predecessor-version":[{"id":476,"href":"https:\/\/champagne-francisbougy.com\/index.php?rest_route=\/wp\/v2\/pages\/21\/revisions\/476"}],"up":[{"embeddable":true,"href":"https:\/\/champagne-francisbougy.com\/index.php?rest_route=\/wp\/v2\/pages\/7"}],"wp:attachment":[{"href":"https:\/\/champagne-francisbougy.com\/index.php?rest_route=%2Fwp%2Fv2%2Fmedia&parent=21"}],"curies":[{"name":"wp","href":"https:\/\/api.w.org\/{rel}","templated":true}]}}