{"id":19,"date":"2013-11-16T20:58:34","date_gmt":"2013-11-16T19:58:34","guid":{"rendered":"http:\/\/champagne-francisbougy.com\/beta\/?page_id=19"},"modified":"2020-12-20T18:38:34","modified_gmt":"2020-12-20T17:38:34","slug":"symphonie","status":"publish","type":"page","link":"https:\/\/champagne-francisbougy.com\/?page_id=19","title":{"rendered":"Symphonie"},"content":{"rendered":"<div id=\"body_layer\">\n<div><img loading=\"lazy\" decoding=\"async\" class=\"aligncenter\" src=\"https:\/\/champagne-francisbougy.com\/wp-content\/uploads\/2020\/12\/Cuve%CC%81e-symphonie-scaled.jpg\" width=\"442\" height=\"665\" \/><\/div>\n<div><\/div>\n<div style=\"text-align: center;\">Compos\u00e9 majoritairement de Chardonnay (75%), ce Champagne Brut veillit 5 ans allie \u00e0 merveille finesse, gourmandise et complexit\u00e9. Id\u00e9al pour les repas de f\u00eate, il est id\u00e9al pour l\u2019accompagnement de vos ap\u00e9ritif et cocktail.<\/div>\n<\/div>\n<div><\/div>\n<div style=\"text-align: center;\">Disponible en Bouteille (75cl) et Magnum<\/div>\n<div id=\"body_layer\">\n<div><\/div>\n<\/div>\n","protected":false},"excerpt":{"rendered":"<p>Compos\u00e9 majoritairement de Chardonnay (75%), ce Champagne Brut veillit 5 ans allie \u00e0 merveille finesse, gourmandise et complexit\u00e9. Id\u00e9al pour les repas de f\u00eate, il est id\u00e9al pour l\u2019accompagnement de vos ap\u00e9ritif et cocktail. Disponible en Bouteille (75cl) et Magnum<\/p>\n","protected":false},"author":1,"featured_media":0,"parent":7,"menu_order":0,"comment_status":"closed","ping_status":"closed","template":"","meta":{"footnotes":""},"class_list":["post-19","page","type-page","status-publish","hentry"],"jetpack_sharing_enabled":true,"_links":{"self":[{"href":"https:\/\/champagne-francisbougy.com\/index.php?rest_route=\/wp\/v2\/pages\/19","targetHints":{"allow":["GET"]}}],"collection":[{"href":"https:\/\/champagne-francisbougy.com\/index.php?rest_route=\/wp\/v2\/pages"}],"about":[{"href":"https:\/\/champagne-francisbougy.com\/index.php?rest_route=\/wp\/v2\/types\/page"}],"author":[{"embeddable":true,"href":"https:\/\/champagne-francisbougy.com\/index.php?rest_route=\/wp\/v2\/users\/1"}],"replies":[{"embeddable":true,"href":"https:\/\/champagne-francisbougy.com\/index.php?rest_route=%2Fwp%2Fv2%2Fcomments&post=19"}],"version-history":[{"count":12,"href":"https:\/\/champagne-francisbougy.com\/index.php?rest_route=\/wp\/v2\/pages\/19\/revisions"}],"predecessor-version":[{"id":439,"href":"https:\/\/champagne-francisbougy.com\/index.php?rest_route=\/wp\/v2\/pages\/19\/revisions\/439"}],"up":[{"embeddable":true,"href":"https:\/\/champagne-francisbougy.com\/index.php?rest_route=\/wp\/v2\/pages\/7"}],"wp:attachment":[{"href":"https:\/\/champagne-francisbougy.com\/index.php?rest_route=%2Fwp%2Fv2%2Fmedia&parent=19"}],"curies":[{"name":"wp","href":"https:\/\/api.w.org\/{rel}","templated":true}]}}