{"id":15,"date":"2013-11-16T20:56:51","date_gmt":"2013-11-16T19:56:51","guid":{"rendered":"http:\/\/champagne-francisbougy.com\/beta\/?page_id=15"},"modified":"2024-04-17T20:12:30","modified_gmt":"2024-04-17T19:12:30","slug":"accueil","status":"publish","type":"page","link":"https:\/\/champagne-francisbougy.com\/","title":{"rendered":"Bienvenue"},"content":{"rendered":"<p><em>Madame, Monsieur, Cher Client,<\/em><\/p>\n<p><em>Notre exploitation familiale se comp<\/em><em>ose de plusieurs vignobles situ\u00e9s dans la \u00ab\u00a0C\u00f4te des Blancs\u00a0\u00bb au Mesnil sur Oger, village class\u00e9 en Grand Cru jusqu&rsquo;\u00e0 la petite Montagne de Reims aux Mesneux, village class\u00e9 en Premier Cru.<\/em><\/p>\n<p><em>D\u00e8s \u00e0 pr\u00e9sent, le Mesnil Grand Cru a son mill\u00e9sime issu d&rsquo;une belle ann\u00e9e 2007.<\/em><\/p>\n<p><em>Nous vous prions de croire, Madame, Monsieur, Cher client, \u00e0 nos sentiments d\u00e9vou\u00e9s.<\/em><\/p>\n<div style=\"width: 525px;\" class=\"wp-video\"><video class=\"wp-video-shortcode\" id=\"video-15-1\" width=\"525\" height=\"295\" preload=\"metadata\" controls=\"controls\"><source type=\"video\/mp4\" src=\"https:\/\/champagne-francisbougy.com\/wp-content\/uploads\/2024\/04\/B74CF5BE-3533-462A-8BC3-2D053AD23D77.mp4?_=1\" \/><a href=\"https:\/\/champagne-francisbougy.com\/wp-content\/uploads\/2024\/04\/B74CF5BE-3533-462A-8BC3-2D053AD23D77.mp4\">https:\/\/champagne-francisbougy.com\/wp-content\/uploads\/2024\/04\/B74CF5BE-3533-462A-8BC3-2D053AD23D77.mp4<\/a><\/video><\/div>\n","protected":false},"excerpt":{"rendered":"<p>Madame, Monsieur, Cher Client, Notre exploitation familiale se compose de plusieurs vignobles situ\u00e9s dans la \u00ab\u00a0C\u00f4te des Blancs\u00a0\u00bb au Mesnil sur Oger, village class\u00e9 en Grand Cru jusqu&rsquo;\u00e0 la petite Montagne de Reims aux Mesneux, village class\u00e9 en Premier Cru. D\u00e8s \u00e0 pr\u00e9sent, le Mesnil Grand Cru a son mill\u00e9sime issu d&rsquo;une belle ann\u00e9e 2007. &hellip; <\/p>\n<p class=\"link-more\"><a href=\"https:\/\/champagne-francisbougy.com\/\" class=\"more-link\">Continuer la lecture<span class=\"screen-reader-text\"> de &laquo;&nbsp;Bienvenue&nbsp;&raquo;<\/span><\/a><\/p>\n","protected":false},"author":1,"featured_media":0,"parent":0,"menu_order":0,"comment_status":"closed","ping_status":"closed","template":"","meta":{"footnotes":""},"class_list":["post-15","page","type-page","status-publish","hentry"],"jetpack_sharing_enabled":true,"_links":{"self":[{"href":"https:\/\/champagne-francisbougy.com\/index.php?rest_route=\/wp\/v2\/pages\/15","targetHints":{"allow":["GET"]}}],"collection":[{"href":"https:\/\/champagne-francisbougy.com\/index.php?rest_route=\/wp\/v2\/pages"}],"about":[{"href":"https:\/\/champagne-francisbougy.com\/index.php?rest_route=\/wp\/v2\/types\/page"}],"author":[{"embeddable":true,"href":"https:\/\/champagne-francisbougy.com\/index.php?rest_route=\/wp\/v2\/users\/1"}],"replies":[{"embeddable":true,"href":"https:\/\/champagne-francisbougy.com\/index.php?rest_route=%2Fwp%2Fv2%2Fcomments&post=15"}],"version-history":[{"count":25,"href":"https:\/\/champagne-francisbougy.com\/index.php?rest_route=\/wp\/v2\/pages\/15\/revisions"}],"predecessor-version":[{"id":677,"href":"https:\/\/champagne-francisbougy.com\/index.php?rest_route=\/wp\/v2\/pages\/15\/revisions\/677"}],"wp:attachment":[{"href":"https:\/\/champagne-francisbougy.com\/index.php?rest_route=%2Fwp%2Fv2%2Fmedia&parent=15"}],"curies":[{"name":"wp","href":"https:\/\/api.w.org\/{rel}","templated":true}]}}